{"id":14,"date":"2020-03-12T12:27:26","date_gmt":"2020-03-12T12:27:26","guid":{"rendered":"http:\/\/fairynatic.de\/?page_id=14"},"modified":"2025-05-18T11:17:21","modified_gmt":"2025-05-18T11:17:21","slug":"ueber-mich","status":"publish","type":"page","link":"https:\/\/fairynatic.de\/","title":{"rendered":"\u00dcber mich"},"content":{"rendered":"\n<p>Mein Name ist Julia und ich bin 31 Jahre alt. Mutter einer wunderbaren kleinen Tochter.<br>Ich bin zertifizierte Nageldesignerin und m\u00f6chte Ihnen in meinem Homestudio, in einer entspannten Atmosph\u00e4re, Ihre N\u00e4gel in Szene setzen. Das Studio befindet sich in einem separaten Geb\u00e4ude.<\/p>\n\n\n\n<figure class=\"wp-block-image size-large\"><img loading=\"lazy\" decoding=\"async\" width=\"925\" height=\"1024\" src=\"https:\/\/fairynatic.de\/wp-content\/uploads\/2025\/05\/1747566998467-925x1024.png\" alt=\"\" class=\"wp-image-1244\" srcset=\"https:\/\/fairynatic.de\/wp-content\/uploads\/2025\/05\/1747566998467-925x1024.png 925w, https:\/\/fairynatic.de\/wp-content\/uploads\/2025\/05\/1747566998467-271x300.png 271w, https:\/\/fairynatic.de\/wp-content\/uploads\/2025\/05\/1747566998467-768x850.png 768w, https:\/\/fairynatic.de\/wp-content\/uploads\/2025\/05\/1747566998467.png 1127w\" sizes=\"auto, (max-width: 706px) 89vw, (max-width: 767px) 82vw, 740px\" \/><\/figure>\n\n\n\n<h2 class=\"wp-block-heading\">Mein Studio<\/h2>\n\n\n\n<figure class=\"wp-block-image size-large\"><img loading=\"lazy\" decoding=\"async\" width=\"1024\" height=\"931\" src=\"https:\/\/fairynatic.de\/wp-content\/uploads\/2025\/02\/1740677509844-1024x931.jpg\" alt=\"\" class=\"wp-image-1090\" srcset=\"https:\/\/fairynatic.de\/wp-content\/uploads\/2025\/02\/1740677509844-1024x931.jpg 1024w, https:\/\/fairynatic.de\/wp-content\/uploads\/2025\/02\/1740677509844-300x273.jpg 300w, https:\/\/fairynatic.de\/wp-content\/uploads\/2025\/02\/1740677509844-768x698.jpg 768w, https:\/\/fairynatic.de\/wp-content\/uploads\/2025\/02\/1740677509844-1536x1397.jpg 1536w, https:\/\/fairynatic.de\/wp-content\/uploads\/2025\/02\/1740677509844-2048x1862.jpg 2048w\" sizes=\"auto, (max-width: 706px) 89vw, (max-width: 767px) 82vw, 740px\" \/><\/figure>\n\n\n\n<figure class=\"wp-block-image is-style-circle-mask\"><img loading=\"lazy\" decoding=\"async\" width=\"1024\" height=\"772\" src=\"https:\/\/fairynatic.de\/wp-content\/uploads\/2022\/07\/IMG_20220721_124910-1024x772.jpg\" alt=\"\" class=\"wp-image-457\" srcset=\"https:\/\/fairynatic.de\/wp-content\/uploads\/2022\/07\/IMG_20220721_124910-1024x772.jpg 1024w, https:\/\/fairynatic.de\/wp-content\/uploads\/2022\/07\/IMG_20220721_124910-300x226.jpg 300w, https:\/\/fairynatic.de\/wp-content\/uploads\/2022\/07\/IMG_20220721_124910-768x579.jpg 768w, https:\/\/fairynatic.de\/wp-content\/uploads\/2022\/07\/IMG_20220721_124910-1536x1158.jpg 1536w, https:\/\/fairynatic.de\/wp-content\/uploads\/2022\/07\/IMG_20220721_124910-2048x1544.jpg 2048w\" sizes=\"auto, (max-width: 706px) 89vw, (max-width: 767px) 82vw, 740px\" \/><\/figure>\n\n\n\n<p><\/p>\n\n\n\n<h2 class=\"wp-block-heading\">Zertifikate<\/h2>\n\n\n\n<p><\/p>\n\n\n\n<h2 class=\"wp-block-heading\">Anregungen<\/h2>\n\n\n\n<figure class=\"wp-block-image size-large is-resized\"><img loading=\"lazy\" decoding=\"async\" width=\"1024\" height=\"972\" src=\"https:\/\/fairynatic.de\/wp-content\/uploads\/2023\/04\/1681391748713-1024x972.jpg\" alt=\"\" class=\"wp-image-941\" style=\"width:339px;height:321px\" srcset=\"https:\/\/fairynatic.de\/wp-content\/uploads\/2023\/04\/1681391748713-1024x972.jpg 1024w, https:\/\/fairynatic.de\/wp-content\/uploads\/2023\/04\/1681391748713-300x285.jpg 300w, https:\/\/fairynatic.de\/wp-content\/uploads\/2023\/04\/1681391748713-768x729.jpg 768w, https:\/\/fairynatic.de\/wp-content\/uploads\/2023\/04\/1681391748713-1536x1458.jpg 1536w, https:\/\/fairynatic.de\/wp-content\/uploads\/2023\/04\/1681391748713-2048x1944.jpg 2048w\" sizes=\"auto, (max-width: 706px) 89vw, (max-width: 767px) 82vw, 740px\" \/><\/figure>\n\n\n\n<figure class=\"wp-block-image is-resized\"><img loading=\"lazy\" decoding=\"async\" width=\"1024\" height=\"1024\" src=\"https:\/\/fairynatic.de\/wp-content\/uploads\/2022\/07\/FB_IMG_1658402423317-1-1024x1024.jpg\" alt=\"\" class=\"wp-image-488\" style=\"width:339px;height:339px\" srcset=\"https:\/\/fairynatic.de\/wp-content\/uploads\/2022\/07\/FB_IMG_1658402423317-1-1024x1024.jpg 1024w, https:\/\/fairynatic.de\/wp-content\/uploads\/2022\/07\/FB_IMG_1658402423317-1-300x300.jpg 300w, https:\/\/fairynatic.de\/wp-content\/uploads\/2022\/07\/FB_IMG_1658402423317-1-150x150.jpg 150w, https:\/\/fairynatic.de\/wp-content\/uploads\/2022\/07\/FB_IMG_1658402423317-1-768x769.jpg 768w, https:\/\/fairynatic.de\/wp-content\/uploads\/2022\/07\/FB_IMG_1658402423317-1-100x100.jpg 100w, https:\/\/fairynatic.de\/wp-content\/uploads\/2022\/07\/FB_IMG_1658402423317-1.jpg 1080w\" sizes=\"auto, (max-width: 706px) 89vw, (max-width: 767px) 82vw, 740px\" \/><\/figure>\n\n\n\n<div class=\"wp-block-group\"><div class=\"wp-block-group__inner-container is-layout-constrained wp-block-group-is-layout-constrained\">\n<figure class=\"wp-block-image is-resized\"><img loading=\"lazy\" decoding=\"async\" width=\"1024\" height=\"1024\" src=\"https:\/\/fairynatic.de\/wp-content\/uploads\/2022\/07\/FB_IMG_1658402429744-2-1024x1024.jpg\" alt=\"\" class=\"wp-image-490\" style=\"width:338px;height:338px\" srcset=\"https:\/\/fairynatic.de\/wp-content\/uploads\/2022\/07\/FB_IMG_1658402429744-2-1024x1024.jpg 1024w, https:\/\/fairynatic.de\/wp-content\/uploads\/2022\/07\/FB_IMG_1658402429744-2-300x300.jpg 300w, https:\/\/fairynatic.de\/wp-content\/uploads\/2022\/07\/FB_IMG_1658402429744-2-150x150.jpg 150w, https:\/\/fairynatic.de\/wp-content\/uploads\/2022\/07\/FB_IMG_1658402429744-2-768x768.jpg 768w, https:\/\/fairynatic.de\/wp-content\/uploads\/2022\/07\/FB_IMG_1658402429744-2-100x100.jpg 100w, https:\/\/fairynatic.de\/wp-content\/uploads\/2022\/07\/FB_IMG_1658402429744-2.jpg 1080w\" sizes=\"auto, (max-width: 706px) 89vw, (max-width: 767px) 82vw, 740px\" \/><\/figure>\n<\/div><\/div>\n\n\n\n<figure class=\"wp-block-image is-resized\"><img loading=\"lazy\" decoding=\"async\" width=\"1024\" height=\"929\" src=\"https:\/\/fairynatic.de\/wp-content\/uploads\/2022\/07\/Screenshot_20220721_132537_com.facebook.pages.app_-3-1024x929.jpg\" alt=\"\" class=\"wp-image-491\" style=\"width:338px;height:307px\" srcset=\"https:\/\/fairynatic.de\/wp-content\/uploads\/2022\/07\/Screenshot_20220721_132537_com.facebook.pages.app_-3-1024x929.jpg 1024w, https:\/\/fairynatic.de\/wp-content\/uploads\/2022\/07\/Screenshot_20220721_132537_com.facebook.pages.app_-3-300x272.jpg 300w, https:\/\/fairynatic.de\/wp-content\/uploads\/2022\/07\/Screenshot_20220721_132537_com.facebook.pages.app_-3-768x697.jpg 768w, https:\/\/fairynatic.de\/wp-content\/uploads\/2022\/07\/Screenshot_20220721_132537_com.facebook.pages.app_-3.jpg 1080w\" sizes=\"auto, (max-width: 706px) 89vw, (max-width: 767px) 82vw, 740px\" \/><\/figure>\n\n\n\n<figure class=\"wp-block-image is-resized\"><img loading=\"lazy\" decoding=\"async\" width=\"1024\" height=\"955\" src=\"https:\/\/fairynatic.de\/wp-content\/uploads\/2022\/07\/Screenshot_20220721_132543_com.facebook.pages.app_-3-1024x955.jpg\" alt=\"\" class=\"wp-image-492\" style=\"width:338px;height:314px\" srcset=\"https:\/\/fairynatic.de\/wp-content\/uploads\/2022\/07\/Screenshot_20220721_132543_com.facebook.pages.app_-3-1024x955.jpg 1024w, https:\/\/fairynatic.de\/wp-content\/uploads\/2022\/07\/Screenshot_20220721_132543_com.facebook.pages.app_-3-300x280.jpg 300w, https:\/\/fairynatic.de\/wp-content\/uploads\/2022\/07\/Screenshot_20220721_132543_com.facebook.pages.app_-3-768x716.jpg 768w, https:\/\/fairynatic.de\/wp-content\/uploads\/2022\/07\/Screenshot_20220721_132543_com.facebook.pages.app_-3.jpg 1080w\" sizes=\"auto, (max-width: 706px) 89vw, (max-width: 767px) 82vw, 740px\" \/><\/figure>\n\n\n\n<figure class=\"wp-block-image is-resized\"><img loading=\"lazy\" decoding=\"async\" width=\"1024\" height=\"926\" src=\"https:\/\/fairynatic.de\/wp-content\/uploads\/2022\/07\/Screenshot_20220721_132553_com.facebook.pages.app_-3-1024x926.jpg\" alt=\"\" class=\"wp-image-493\" style=\"width:341px;height:308px\" srcset=\"https:\/\/fairynatic.de\/wp-content\/uploads\/2022\/07\/Screenshot_20220721_132553_com.facebook.pages.app_-3-1024x926.jpg 1024w, https:\/\/fairynatic.de\/wp-content\/uploads\/2022\/07\/Screenshot_20220721_132553_com.facebook.pages.app_-3-300x271.jpg 300w, https:\/\/fairynatic.de\/wp-content\/uploads\/2022\/07\/Screenshot_20220721_132553_com.facebook.pages.app_-3-768x695.jpg 768w, https:\/\/fairynatic.de\/wp-content\/uploads\/2022\/07\/Screenshot_20220721_132553_com.facebook.pages.app_-3.jpg 1080w\" sizes=\"auto, (max-width: 706px) 89vw, (max-width: 767px) 82vw, 740px\" \/><\/figure>\n\n\n\n<figure class=\"wp-block-image is-resized\"><img loading=\"lazy\" decoding=\"async\" width=\"1024\" height=\"933\" src=\"https:\/\/fairynatic.de\/wp-content\/uploads\/2022\/07\/Screenshot_20220721_132603_com.facebook.pages.app_-3-1024x933.jpg\" alt=\"\" class=\"wp-image-494\" style=\"width:342px;height:312px\" srcset=\"https:\/\/fairynatic.de\/wp-content\/uploads\/2022\/07\/Screenshot_20220721_132603_com.facebook.pages.app_-3-1024x933.jpg 1024w, https:\/\/fairynatic.de\/wp-content\/uploads\/2022\/07\/Screenshot_20220721_132603_com.facebook.pages.app_-3-300x273.jpg 300w, https:\/\/fairynatic.de\/wp-content\/uploads\/2022\/07\/Screenshot_20220721_132603_com.facebook.pages.app_-3-768x700.jpg 768w, https:\/\/fairynatic.de\/wp-content\/uploads\/2022\/07\/Screenshot_20220721_132603_com.facebook.pages.app_-3.jpg 1080w\" sizes=\"auto, (max-width: 706px) 89vw, (max-width: 767px) 82vw, 740px\" \/><\/figure>\n\n\n\n<figure class=\"wp-block-image is-resized\"><img loading=\"lazy\" decoding=\"async\" width=\"1024\" height=\"911\" src=\"https:\/\/fairynatic.de\/wp-content\/uploads\/2022\/07\/Screenshot_20220721_132607_com.facebook.pages.app_-3-1024x911.jpg\" alt=\"\" class=\"wp-image-495\" style=\"width:341px;height:303px\" srcset=\"https:\/\/fairynatic.de\/wp-content\/uploads\/2022\/07\/Screenshot_20220721_132607_com.facebook.pages.app_-3-1024x911.jpg 1024w, https:\/\/fairynatic.de\/wp-content\/uploads\/2022\/07\/Screenshot_20220721_132607_com.facebook.pages.app_-3-300x267.jpg 300w, https:\/\/fairynatic.de\/wp-content\/uploads\/2022\/07\/Screenshot_20220721_132607_com.facebook.pages.app_-3-768x683.jpg 768w, https:\/\/fairynatic.de\/wp-content\/uploads\/2022\/07\/Screenshot_20220721_132607_com.facebook.pages.app_-3.jpg 1080w\" sizes=\"auto, (max-width: 706px) 89vw, (max-width: 767px) 82vw, 740px\" \/><\/figure>\n\n\n\n<figure class=\"wp-block-image is-resized\"><img loading=\"lazy\" decoding=\"async\" width=\"1024\" height=\"1024\" src=\"https:\/\/fairynatic.de\/wp-content\/uploads\/2022\/07\/FB_IMG_1658402438465-1024x1024.jpg\" alt=\"\" class=\"wp-image-496\" style=\"width:341px;height:341px\" srcset=\"https:\/\/fairynatic.de\/wp-content\/uploads\/2022\/07\/FB_IMG_1658402438465-1024x1024.jpg 1024w, https:\/\/fairynatic.de\/wp-content\/uploads\/2022\/07\/FB_IMG_1658402438465-300x300.jpg 300w, https:\/\/fairynatic.de\/wp-content\/uploads\/2022\/07\/FB_IMG_1658402438465-150x150.jpg 150w, https:\/\/fairynatic.de\/wp-content\/uploads\/2022\/07\/FB_IMG_1658402438465-768x768.jpg 768w, https:\/\/fairynatic.de\/wp-content\/uploads\/2022\/07\/FB_IMG_1658402438465-100x100.jpg 100w, https:\/\/fairynatic.de\/wp-content\/uploads\/2022\/07\/FB_IMG_1658402438465.jpg 1080w\" sizes=\"auto, (max-width: 706px) 89vw, (max-width: 767px) 82vw, 740px\" \/><\/figure>\n\n\n\n<figure class=\"wp-block-image is-resized\"><img loading=\"lazy\" decoding=\"async\" width=\"1024\" height=\"882\" src=\"https:\/\/fairynatic.de\/wp-content\/uploads\/2022\/07\/Screenshot_20220721_133845_com.facebook.pages.app_-1024x882.jpg\" alt=\"\" class=\"wp-image-503\" style=\"width:340px;height:292px\" srcset=\"https:\/\/fairynatic.de\/wp-content\/uploads\/2022\/07\/Screenshot_20220721_133845_com.facebook.pages.app_-1024x882.jpg 1024w, https:\/\/fairynatic.de\/wp-content\/uploads\/2022\/07\/Screenshot_20220721_133845_com.facebook.pages.app_-300x258.jpg 300w, https:\/\/fairynatic.de\/wp-content\/uploads\/2022\/07\/Screenshot_20220721_133845_com.facebook.pages.app_-768x661.jpg 768w, https:\/\/fairynatic.de\/wp-content\/uploads\/2022\/07\/Screenshot_20220721_133845_com.facebook.pages.app_.jpg 1080w\" sizes=\"auto, (max-width: 706px) 89vw, (max-width: 767px) 82vw, 740px\" \/><\/figure>\n\n\n\n<figure class=\"wp-block-image size-large is-resized\"><img loading=\"lazy\" decoding=\"async\" width=\"1024\" height=\"1024\" src=\"https:\/\/fairynatic.de\/wp-content\/uploads\/2022\/08\/IMG_20220728_174618_123-1-1024x1024.jpg\" alt=\"\" class=\"wp-image-654\" style=\"width:336px;height:336px\" srcset=\"https:\/\/fairynatic.de\/wp-content\/uploads\/2022\/08\/IMG_20220728_174618_123-1-1024x1024.jpg 1024w, https:\/\/fairynatic.de\/wp-content\/uploads\/2022\/08\/IMG_20220728_174618_123-1-300x300.jpg 300w, https:\/\/fairynatic.de\/wp-content\/uploads\/2022\/08\/IMG_20220728_174618_123-1-150x150.jpg 150w, https:\/\/fairynatic.de\/wp-content\/uploads\/2022\/08\/IMG_20220728_174618_123-1-768x768.jpg 768w, https:\/\/fairynatic.de\/wp-content\/uploads\/2022\/08\/IMG_20220728_174618_123-1-1536x1536.jpg 1536w, https:\/\/fairynatic.de\/wp-content\/uploads\/2022\/08\/IMG_20220728_174618_123-1-100x100.jpg 100w, https:\/\/fairynatic.de\/wp-content\/uploads\/2022\/08\/IMG_20220728_174618_123-1.jpg 1893w\" sizes=\"auto, (max-width: 706px) 89vw, (max-width: 767px) 82vw, 740px\" \/><\/figure>\n\n\n\n<figure class=\"wp-block-image size-large is-resized\"><img loading=\"lazy\" decoding=\"async\" width=\"1024\" height=\"1024\" src=\"https:\/\/fairynatic.de\/wp-content\/uploads\/2022\/08\/IMG_20220729_160834_171-1024x1024.jpg\" alt=\"\" class=\"wp-image-655\" style=\"width:336px;height:336px\" srcset=\"https:\/\/fairynatic.de\/wp-content\/uploads\/2022\/08\/IMG_20220729_160834_171-1024x1024.jpg 1024w, https:\/\/fairynatic.de\/wp-content\/uploads\/2022\/08\/IMG_20220729_160834_171-300x300.jpg 300w, https:\/\/fairynatic.de\/wp-content\/uploads\/2022\/08\/IMG_20220729_160834_171-150x150.jpg 150w, https:\/\/fairynatic.de\/wp-content\/uploads\/2022\/08\/IMG_20220729_160834_171-768x768.jpg 768w, https:\/\/fairynatic.de\/wp-content\/uploads\/2022\/08\/IMG_20220729_160834_171-1536x1536.jpg 1536w, https:\/\/fairynatic.de\/wp-content\/uploads\/2022\/08\/IMG_20220729_160834_171-100x100.jpg 100w, https:\/\/fairynatic.de\/wp-content\/uploads\/2022\/08\/IMG_20220729_160834_171.jpg 1800w\" sizes=\"auto, (max-width: 706px) 89vw, (max-width: 767px) 82vw, 740px\" \/><\/figure>\n\n\n\n<figure class=\"wp-block-image size-large is-resized\"><img loading=\"lazy\" decoding=\"async\" width=\"1024\" height=\"1024\" src=\"https:\/\/fairynatic.de\/wp-content\/uploads\/2022\/08\/IMG_20220801_171028_112-1024x1024.jpg\" alt=\"\" class=\"wp-image-657\" style=\"width:334px;height:334px\" srcset=\"https:\/\/fairynatic.de\/wp-content\/uploads\/2022\/08\/IMG_20220801_171028_112-1024x1024.jpg 1024w, https:\/\/fairynatic.de\/wp-content\/uploads\/2022\/08\/IMG_20220801_171028_112-300x300.jpg 300w, https:\/\/fairynatic.de\/wp-content\/uploads\/2022\/08\/IMG_20220801_171028_112-150x150.jpg 150w, https:\/\/fairynatic.de\/wp-content\/uploads\/2022\/08\/IMG_20220801_171028_112-768x768.jpg 768w, https:\/\/fairynatic.de\/wp-content\/uploads\/2022\/08\/IMG_20220801_171028_112-1536x1536.jpg 1536w, https:\/\/fairynatic.de\/wp-content\/uploads\/2022\/08\/IMG_20220801_171028_112-100x100.jpg 100w, https:\/\/fairynatic.de\/wp-content\/uploads\/2022\/08\/IMG_20220801_171028_112.jpg 1975w\" sizes=\"auto, (max-width: 706px) 89vw, (max-width: 767px) 82vw, 740px\" \/><\/figure>\n","protected":false},"excerpt":{"rendered":"<p>Mein Name ist Julia und ich bin 31 Jahre alt. Mutter einer wunderbaren kleinen Tochter.Ich bin zertifizierte Nageldesignerin und m\u00f6chte Ihnen in meinem Homestudio, in einer entspannten Atmosph\u00e4re, Ihre N\u00e4gel in Szene setzen. Das Studio befindet sich in einem separaten Geb\u00e4ude. Mein Studio Zertifikate Anregungen<\/p>\n","protected":false},"author":1,"featured_media":0,"parent":0,"menu_order":0,"comment_status":"closed","ping_status":"closed","template":"","meta":{"footnotes":""},"class_list":["post-14","page","type-page","status-publish","hentry"],"_links":{"self":[{"href":"https:\/\/fairynatic.de\/index.php?rest_route=\/wp\/v2\/pages\/14","targetHints":{"allow":["GET"]}}],"collection":[{"href":"https:\/\/fairynatic.de\/index.php?rest_route=\/wp\/v2\/pages"}],"about":[{"href":"https:\/\/fairynatic.de\/index.php?rest_route=\/wp\/v2\/types\/page"}],"author":[{"embeddable":true,"href":"https:\/\/fairynatic.de\/index.php?rest_route=\/wp\/v2\/users\/1"}],"replies":[{"embeddable":true,"href":"https:\/\/fairynatic.de\/index.php?rest_route=%2Fwp%2Fv2%2Fcomments&post=14"}],"version-history":[{"count":28,"href":"https:\/\/fairynatic.de\/index.php?rest_route=\/wp\/v2\/pages\/14\/revisions"}],"predecessor-version":[{"id":1245,"href":"https:\/\/fairynatic.de\/index.php?rest_route=\/wp\/v2\/pages\/14\/revisions\/1245"}],"wp:attachment":[{"href":"https:\/\/fairynatic.de\/index.php?rest_route=%2Fwp%2Fv2%2Fmedia&parent=14"}],"curies":[{"name":"wp","href":"https:\/\/api.w.org\/{rel}","templated":true}]}}